{"id":370,"date":"2012-06-11T09:19:49","date_gmt":"2012-06-11T12:19:49","guid":{"rendered":"https:\/\/renataperito.com\/?page_id=370"},"modified":"2023-06-09T09:18:32","modified_gmt":"2023-06-09T12:18:32","slug":"contato","status":"publish","type":"page","link":"https:\/\/renataperito.com\/?page_id=370","title":{"rendered":"Contato"},"content":{"rendered":"<p>Obrigada pela sua visita!<\/p>\n<p>Se voc\u00ea tem alguma d\u00favida, pode entrar em contato, mas antes verifique se j\u00e1 n\u00e3o falei sobre o assunto no site. Use os campos de busca para procurar.<\/p>\n<p>Recebo muitos emails com as mesmas d\u00favidas, ent\u00e3o confira se sua d\u00favida est\u00e1 <span style=\"color: #a20031;\"><a style=\"color: #a20031;\" title=\"D\u00favidas frequentes\" href=\"https:\/\/renataperito.com\/?page_id=2196\">aqui nesta p\u00e1gina<\/a><\/span> antes de me escrever.<\/p>\n<p>Caso n\u00e3o tenha respondido, para entrar em contato comigo, use o email abaixo:<\/p>\n<p>peritorenata-@-gmail.com (sem os tracinhos)<\/p>\n","protected":false},"excerpt":{"rendered":"<p>Obrigada pela sua visita! Se voc\u00ea tem alguma d\u00favida, pode entrar em contato, mas antes verifique se j\u00e1 n\u00e3o falei sobre o assunto no site. Use os campos de busca para procurar. Recebo muitos emails com as mesmas d\u00favidas, ent\u00e3o confira se sua d\u00favida est\u00e1 aqui nesta p\u00e1gina antes de me escrever. Caso n\u00e3o tenha [&hellip;]<\/p>\n","protected":false},"author":1,"featured_media":0,"parent":0,"menu_order":0,"comment_status":"closed","ping_status":"closed","template":"","meta":{"footnotes":""},"class_list":["post-370","page","type-page","status-publish","hentry"],"_links":{"self":[{"href":"https:\/\/renataperito.com\/index.php?rest_route=\/wp\/v2\/pages\/370","targetHints":{"allow":["GET"]}}],"collection":[{"href":"https:\/\/renataperito.com\/index.php?rest_route=\/wp\/v2\/pages"}],"about":[{"href":"https:\/\/renataperito.com\/index.php?rest_route=\/wp\/v2\/types\/page"}],"author":[{"embeddable":true,"href":"https:\/\/renataperito.com\/index.php?rest_route=\/wp\/v2\/users\/1"}],"replies":[{"embeddable":true,"href":"https:\/\/renataperito.com\/index.php?rest_route=%2Fwp%2Fv2%2Fcomments&post=370"}],"version-history":[{"count":8,"href":"https:\/\/renataperito.com\/index.php?rest_route=\/wp\/v2\/pages\/370\/revisions"}],"predecessor-version":[{"id":2331,"href":"https:\/\/renataperito.com\/index.php?rest_route=\/wp\/v2\/pages\/370\/revisions\/2331"}],"wp:attachment":[{"href":"https:\/\/renataperito.com\/index.php?rest_route=%2Fwp%2Fv2%2Fmedia&parent=370"}],"curies":[{"name":"wp","href":"https:\/\/api.w.org\/{rel}","templated":true}]}}